{"id":3104,"date":"2015-10-20T11:40:26","date_gmt":"2015-10-20T10:40:26","guid":{"rendered":"http:\/\/sakana.eus\/fr\/decouvrez-la-region\/naturaleza-2\/"},"modified":"2018-05-31T12:40:59","modified_gmt":"2018-05-31T10:40:59","slug":"naturaleza-2","status":"publish","type":"page","link":"https:\/\/www.sakana.eus\/fr\/decouvrez-la-region\/naturaleza-2\/","title":{"rendered":"La Nature"},"content":{"rendered":"<p>[one_third last=\u00a0\u00bbno\u00a0\u00bb spacing=\u00a0\u00bbyes\u00a0\u00bb center_content=\u00a0\u00bbno\u00a0\u00bb hide_on_mobile=\u00a0\u00bbno\u00a0\u00bb background_color=\u00a0\u00bb\u00a0\u00bb background_image=\u00a0\u00bb\u00a0\u00bb background_repeat=\u00a0\u00bbno-repeat\u00a0\u00bb background_position=\u00a0\u00bbleft top\u00a0\u00bb border_position=\u00a0\u00bball\u00a0\u00bb border_size=\u00a0\u00bb0px\u00a0\u00bb border_color=\u00a0\u00bb\u00a0\u00bb border_style=\u00a0\u00bb\u00a0\u00bb padding=\u00a0\u00bb\u00a0\u00bb margin_top=\u00a0\u00bb\u00a0\u00bb margin_bottom=\u00a0\u00bb\u00a0\u00bb animation_type=\u00a0\u00bb\u00a0\u00bb animation_direction=\u00a0\u00bb\u00a0\u00bb animation_speed=\u00a0\u00bb0.1&Prime; class=\u00a0\u00bb\u00a0\u00bb id=\u00a0\u00bb\u00a0\u00bb][imageframe lightbox=\u00a0\u00bbno\u00a0\u00bb lightbox_image=\u00a0\u00bb\u00a0\u00bb style_type=\u00a0\u00bbnone\u00a0\u00bb hover_type=\u00a0\u00bbnone\u00a0\u00bb bordercolor=\u00a0\u00bb#c4c4c4&Prime; bordersize=\u00a0\u00bb2px\u00a0\u00bb borderradius=\u00a0\u00bb0&Prime; stylecolor=\u00a0\u00bb\u00a0\u00bb align=\u00a0\u00bbnone\u00a0\u00bb link=\u00a0\u00bb\u00a0\u00bb linktarget=\u00a0\u00bb_self\u00a0\u00bb animation_type=\u00a0\u00bb0&Prime; animation_direction=\u00a0\u00bbdown\u00a0\u00bb animation_speed=\u00a0\u00bb0.1&Prime; hide_on_mobile=\u00a0\u00bbno\u00a0\u00bb class=\u00a0\u00bb\u00a0\u00bb id=\u00a0\u00bb\u00a0\u00bb] <img decoding=\"async\" src=\"http:\/\/sakana.eus\/wp-content\/uploads\/2015\/10\/biaizpe.jpg\" alt=\"\" \/>[\/imageframe][\/one_third][two_third last=\u00a0\u00bbyes\u00a0\u00bb spacing=\u00a0\u00bbyes\u00a0\u00bb center_content=\u00a0\u00bbno\u00a0\u00bb hide_on_mobile=\u00a0\u00bbno\u00a0\u00bb background_color=\u00a0\u00bb\u00a0\u00bb background_image=\u00a0\u00bb\u00a0\u00bb background_repeat=\u00a0\u00bbno-repeat\u00a0\u00bb background_position=\u00a0\u00bbleft top\u00a0\u00bb border_position=\u00a0\u00bball\u00a0\u00bb border_size=\u00a0\u00bb0px\u00a0\u00bb border_color=\u00a0\u00bb\u00a0\u00bb border_style=\u00a0\u00bb\u00a0\u00bb padding=\u00a0\u00bb\u00a0\u00bb margin_top=\u00a0\u00bb\u00a0\u00bb margin_bottom=\u00a0\u00bb\u00a0\u00bb animation_type=\u00a0\u00bb\u00a0\u00bb animation_direction=\u00a0\u00bb\u00a0\u00bb animation_speed=\u00a0\u00bb0.1&Prime; class=\u00a0\u00bb\u00a0\u00bb id=\u00a0\u00bb\u00a0\u00bb]<div class=\"fusion-text\"><\/p>\n<h2 style=\"text-align: center;\">[layerslider id=\u00a0\u00bb1&Prime;]<\/h2>\n<h2><span style=\"color: #ffffff;\">.<\/span><\/h2>\n<h2 style=\"text-align: center;\"><span style=\"color: #ffffff;\">\u00a0<\/span><\/h2>\n<h2 style=\"text-align: center;\"><span style=\"color: #808080;\">Un entorno incomparable<\/span><\/h2>\n<h3 style=\"text-align: center;\" align=\"JUSTIFY\"><span style=\"color: #808080;\">Sakana es un gran bosque de hayas y robles centenarios, que desciende por las laderas de los montes hasta encontrarse con praderas y pueblos en el fondo del valle. <\/span><\/h3>\n<h3 style=\"text-align: center;\" align=\"JUSTIFY\"><span style=\"color: #808080;\">Estos bosques atl\u00e1nticos de incre\u00edble belleza son una aut\u00e9ntica reliquia, un precioso legado que nuestros antepasados cuidaron y respetaron, ya que era el origen de su mundo y la base de su subsistencia.<\/span><\/h3>\n<h3 style=\"text-align: center;\"><span style=\"color: #808080;\">Hoy en d\u00eda, nos encontramos rodeados por tres parques naturales: <a href=\"http:\/\/sakana.eus\/aralar-la-sierra\/\">Aralar<\/a>, <a href=\"http:\/\/sakana.eus\/parque-natural-urbasa-andia\/\">Andia-Urbasa<\/a> y <a href=\"https:\/\/es.wikipedia.org\/wiki\/Parque_natural_de_Aizkorri-Aratz\" target=\"_blank\">Aizgorri-Aratz<\/a>. Una oportunidad \u00fanica para realizar <a href=\"http:\/\/sakana.eus\/descubra-la-region\/recorridos\/\">recorridos<\/a> espectaculares.<\/span><\/h3>\n<p>\n<\/div>[\/two_third][fullwidth background_color=\u00a0\u00bb\u00a0\u00bb background_image=\u00a0\u00bb\u00a0\u00bb background_parallax=\u00a0\u00bbnone\u00a0\u00bb enable_mobile=\u00a0\u00bbno\u00a0\u00bb parallax_speed=\u00a0\u00bb0.3&Prime; background_repeat=\u00a0\u00bbno-repeat\u00a0\u00bb background_position=\u00a0\u00bbleft top\u00a0\u00bb video_url=\u00a0\u00bb\u00a0\u00bb video_aspect_ratio=\u00a0\u00bb16:9&Prime; video_webm=\u00a0\u00bb\u00a0\u00bb video_mp4=\u00a0\u00bb\u00a0\u00bb video_ogv=\u00a0\u00bb\u00a0\u00bb video_preview_image=\u00a0\u00bb\u00a0\u00bb overlay_color=\u00a0\u00bb\u00a0\u00bb overlay_opacity=\u00a0\u00bb0.5&Prime; video_mute=\u00a0\u00bbyes\u00a0\u00bb video_loop=\u00a0\u00bbyes\u00a0\u00bb fade=\u00a0\u00bbno\u00a0\u00bb border_size=\u00a0\u00bb0px\u00a0\u00bb border_color=\u00a0\u00bb\u00a0\u00bb border_style=\u00a0\u00bb\u00a0\u00bb padding_top=\u00a0\u00bb20&Prime; padding_bottom=\u00a0\u00bb20&Prime; padding_left=\u00a0\u00bb0&Prime; padding_right=\u00a0\u00bb0&Prime; hundred_percent=\u00a0\u00bbno\u00a0\u00bb equal_height_columns=\u00a0\u00bbno\u00a0\u00bb hide_on_mobile=\u00a0\u00bbno\u00a0\u00bb menu_anchor=\u00a0\u00bb\u00a0\u00bb class=\u00a0\u00bb\u00a0\u00bb id=\u00a0\u00bb\u00a0\u00bb][blog number_posts=\u00a0\u00bb\u00a0\u00bb offset=\u00a0\u00bb\u00a0\u00bb cat_slug=\u00a0\u00bbnaturako-hiru\u00a0\u00bb exclude_cats=\u00a0\u00bb\u00a0\u00bb title=\u00a0\u00bbyes\u00a0\u00bb title_link=\u00a0\u00bbyes\u00a0\u00bb thumbnail=\u00a0\u00bbyes\u00a0\u00bb excerpt=\u00a0\u00bbyes\u00a0\u00bb excerpt_length=\u00a0\u00bb0&Prime; meta_all=\u00a0\u00bbno\u00a0\u00bb meta_author=\u00a0\u00bbno\u00a0\u00bb meta_categories=\u00a0\u00bbno\u00a0\u00bb meta_comments=\u00a0\u00bbno\u00a0\u00bb meta_date=\u00a0\u00bbno\u00a0\u00bb meta_link=\u00a0\u00bbno\u00a0\u00bb meta_tags=\u00a0\u00bbno\u00a0\u00bb paging=\u00a0\u00bbyes\u00a0\u00bb scrolling=\u00a0\u00bbinfinite\u00a0\u00bb strip_html=\u00a0\u00bbyes\u00a0\u00bb blog_grid_columns=\u00a0\u00bb3&Prime; blog_grid_column_spacing=\u00a0\u00bb40&Prime; layout=\u00a0\u00bbgrid\u00a0\u00bb class=\u00a0\u00bb\u00a0\u00bb id=\u00a0\u00bb\u00a0\u00bb][\/blog][\/fullwidth][fullwidth background_color=\u00a0\u00bb\u00a0\u00bb background_image=\u00a0\u00bb\u00a0\u00bb background_parallax=\u00a0\u00bbnone\u00a0\u00bb enable_mobile=\u00a0\u00bbno\u00a0\u00bb parallax_speed=\u00a0\u00bb0.3&Prime; background_repeat=\u00a0\u00bbno-repeat\u00a0\u00bb background_position=\u00a0\u00bbleft top\u00a0\u00bb video_url=\u00a0\u00bb\u00a0\u00bb video_aspect_ratio=\u00a0\u00bb16:9&Prime; video_webm=\u00a0\u00bb\u00a0\u00bb video_mp4=\u00a0\u00bb\u00a0\u00bb video_ogv=\u00a0\u00bb\u00a0\u00bb video_preview_image=\u00a0\u00bb\u00a0\u00bb overlay_color=\u00a0\u00bb\u00a0\u00bb overlay_opacity=\u00a0\u00bb0.5&Prime; video_mute=\u00a0\u00bbyes\u00a0\u00bb video_loop=\u00a0\u00bbyes\u00a0\u00bb fade=\u00a0\u00bbno\u00a0\u00bb border_size=\u00a0\u00bb0px\u00a0\u00bb border_color=\u00a0\u00bb\u00a0\u00bb border_style=\u00a0\u00bb\u00a0\u00bb padding_top=\u00a0\u00bb20&Prime; padding_bottom=\u00a0\u00bb20&Prime; padding_left=\u00a0\u00bb0&Prime; padding_right=\u00a0\u00bb0&Prime; hundred_percent=\u00a0\u00bbno\u00a0\u00bb equal_height_columns=\u00a0\u00bbno\u00a0\u00bb hide_on_mobile=\u00a0\u00bbno\u00a0\u00bb menu_anchor=\u00a0\u00bb\u00a0\u00bb class=\u00a0\u00bb\u00a0\u00bb id=\u00a0\u00bb\u00a0\u00bb][\/fullwidth]<\/p>\n","protected":false},"excerpt":{"rendered":"<p>[one_third last=\u00a0\u00bbno\u00a0\u00bb spacing=\u00a0\u00bbyes\u00a0\u00bb center_content=\u00a0\u00bbno\u00a0\u00bb hide_on_mobile=\u00a0\u00bbno\u00a0\u00bb background_color=\u00a0\u00bb\u00a0\u00bb background_image=\u00a0\u00bb\u00a0\u00bb background_repeat=\u00a0\u00bbno-repeat\u00a0\u00bb background_position=\u00a0\u00bbleft top\u00a0\u00bb border_position=\u00a0\u00bball\u00a0\u00bb border_size=\u00a0\u00bb0px\u00a0\u00bb border_color=\u00a0\u00bb\u00a0\u00bb border_style=\u00a0\u00bb\u00a0\u00bb padding=\u00a0\u00bb\u00a0\u00bb margin_top=\u00a0\u00bb\u00a0\u00bb margin_bottom=\u00a0\u00bb\u00a0\u00bb animation_type=\u00a0\u00bb\u00a0\u00bb animation_direction=\u00a0\u00bb\u00a0\u00bb animation_speed=\u00a0\u00bb0.1&Prime; class=\u00a0\u00bb\u00a0\u00bb id=\u00a0\u00bb\u00a0\u00bb][imageframe lightbox=\u00a0\u00bbno\u00a0\u00bb lightbox_image=\u00a0\u00bb\u00a0\u00bb style_type=\u00a0\u00bbnone\u00a0\u00bb hover_type=\u00a0\u00bbnone\u00a0\u00bb bordercolor=\u00a0\u00bb#c4c4c4&Prime; bordersize=\u00a0\u00bb2px\u00a0\u00bb borderradius=\u00a0\u00bb0&Prime; stylecolor=\u00a0\u00bb\u00a0\u00bb align=\u00a0\u00bbnone\u00a0\u00bb link=\u00a0\u00bb\u00a0\u00bb linktarget=\u00a0\u00bb_self\u00a0\u00bb animation_type=\u00a0\u00bb0&Prime; animation_direction=\u00a0\u00bbdown\u00a0\u00bb animation_speed=\u00a0\u00bb0.1&Prime; hide_on_mobile=\u00a0\u00bbno\u00a0\u00bb class=\u00a0\u00bb\u00a0\u00bb id=\u00a0\u00bb\u00a0\u00bb] [\/imageframe][\/one_third][two_third last=\u00a0\u00bbyes\u00a0\u00bb spacing=\u00a0\u00bbyes\u00a0\u00bb center_content=\u00a0\u00bbno\u00a0\u00bb hide_on_mobile=\u00a0\u00bbno\u00a0\u00bb background_color=\u00a0\u00bb\u00a0\u00bb background_image=\u00a0\u00bb\u00a0\u00bb background_repeat=\u00a0\u00bbno-repeat\u00a0\u00bb background_position=\u00a0\u00bbleft top\u00a0\u00bb border_position=\u00a0\u00bball\u00a0\u00bb border_size=\u00a0\u00bb0px\u00a0\u00bb border_color=\u00a0\u00bb\u00a0\u00bb border_style=\u00a0\u00bb\u00a0\u00bb padding=\u00a0\u00bb\u00a0\u00bb margin_top=\u00a0\u00bb\u00a0\u00bb [&hellip;]<\/p>\n","protected":false},"author":3,"featured_media":0,"parent":1374,"menu_order":0,"comment_status":"closed","ping_status":"closed","template":"","meta":{"_links_to":"","_links_to_target":""},"_links":{"self":[{"href":"https:\/\/www.sakana.eus\/fr\/wp-json\/wp\/v2\/pages\/3104"}],"collection":[{"href":"https:\/\/www.sakana.eus\/fr\/wp-json\/wp\/v2\/pages"}],"about":[{"href":"https:\/\/www.sakana.eus\/fr\/wp-json\/wp\/v2\/types\/page"}],"author":[{"embeddable":true,"href":"https:\/\/www.sakana.eus\/fr\/wp-json\/wp\/v2\/users\/3"}],"replies":[{"embeddable":true,"href":"https:\/\/www.sakana.eus\/fr\/wp-json\/wp\/v2\/comments?post=3104"}],"version-history":[{"count":17,"href":"https:\/\/www.sakana.eus\/fr\/wp-json\/wp\/v2\/pages\/3104\/revisions"}],"predecessor-version":[{"id":8607,"href":"https:\/\/www.sakana.eus\/fr\/wp-json\/wp\/v2\/pages\/3104\/revisions\/8607"}],"up":[{"embeddable":true,"href":"https:\/\/www.sakana.eus\/fr\/wp-json\/wp\/v2\/pages\/1374"}],"wp:attachment":[{"href":"https:\/\/www.sakana.eus\/fr\/wp-json\/wp\/v2\/media?parent=3104"}],"curies":[{"name":"wp","href":"https:\/\/api.w.org\/{rel}","templated":true}]}}