{"id":1218,"date":"2015-09-30T07:09:28","date_gmt":"2015-09-30T06:09:28","guid":{"rendered":"http:\/\/sakana.eus\/fr\/ibilbideak\/"},"modified":"2018-05-31T15:56:02","modified_gmt":"2018-05-31T13:56:02","slug":"recorridos","status":"publish","type":"page","link":"https:\/\/www.sakana.eus\/fr\/recorridos\/","title":{"rendered":"Tours"},"content":{"rendered":"<p><div class=\"fusion-fullwidth fullwidth-box nonhundred-percent-fullwidth non-hundred-percent-height-scrolling\"  style='background-color: rgba(255,255,255,0);background-position: left top;background-repeat: no-repeat;padding-top:20px;padding-bottom:20px;border-top-width:0px;border-bottom-width:0px;border-color:#eae9e9;border-top-style:solid;border-bottom-style:solid;'><div class=\"fusion-builder-row fusion-row \"><div  class=\"fusion-layout-column fusion_builder_column fusion_builder_column_1_1  fusion-one-full fusion-column-first fusion-column-last fusion-column-no-min-height 1_1\"  style='margin-top:0px;margin-bottom:0px;'>\n\t\t\t\t\t<div class=\"fusion-column-wrapper\" style=\"background-position:left top;background-repeat:no-repeat;-webkit-background-size:cover;-moz-background-size:cover;-o-background-size:cover;background-size:cover;\"  data-bg-url=\"\">\n\t\t\t\t\t\t<div class=\"fusion-text\"><h3>Es posible que los recorridos indicados en esta p\u00e1gina hayan sufrido alguna modificaci\u00f3n desde que se crearon. Antes de realizar cualquier ruta, valora tus conocimientos de monta\u00f1a, tu forma f\u00edsica, inf\u00f3rmate sobre la meteorolog\u00eda, equ\u00edpate correctamente, s\u00e9 prudente y responsable y cuida del medio en todo momento .<\/h3>\n<h3>La web www.sakana.eus no se responsabiliza de posibles contratiempos que la informaci\u00f3n y descripciones facilitadas en esta web puedan causar.<\/h3>\n<\/div><div class=\"fusion-clearfix\"><\/div>\n\n\t\t\t\t\t<\/div>\n\t\t\t\t<\/div><\/div><\/div><div class=\"fusion-fullwidth fullwidth-box nonhundred-percent-fullwidth non-hundred-percent-height-scrolling\"  style='background-color: rgba(255,255,255,0);background-position: left top;background-repeat: no-repeat;padding-top:20px;padding-bottom:20px;border-top-width:0px;border-bottom-width:0px;border-color:#eae9e9;border-top-style:solid;border-bottom-style:solid;'><div class=\"fusion-builder-row fusion-row \"><div  class=\"fusion-layout-column fusion_builder_column fusion_builder_column_1_1  fusion-one-full fusion-column-first fusion-column-last fusion-column-no-min-height 1_1\"  style='margin-top:0px;margin-bottom:0px;'>\n\t\t\t\t\t<div class=\"fusion-column-wrapper\" style=\"background-position:left top;background-repeat:no-repeat;-webkit-background-size:cover;-moz-background-size:cover;-o-background-size:cover;background-size:cover;\"  data-bg-url=\"\">\n\t\t\t\t\t\t<div class=\"fusion-blog-shortcode fusion-blog-shortcode-1 fusion-blog-archive fusion-blog-layout-grid-wrapper fusion-blog-infinite\"><style type=\"text\/css\">.fusion-blog-shortcode-1 .fusion-blog-layout-grid .fusion-post-grid{padding:10px;}.fusion-blog-shortcode-1 .fusion-posts-container{margin-left: -10px !important; margin-right:-10px !important;}<\/style><div class=\"fusion-posts-container fusion-posts-container-infinite fusion-no-meta-info fusion-blog-rollover fusion-blog-layout-grid fusion-blog-layout-grid-3 isotope\" data-pages=\"4\" data-grid-col-space=\"20\" style=\"margin: -10px -10px 0;min-height:500px;\"><article id=\"blog-1-post-18774\" class=\"fusion-post-grid post-18774 post type-post status-publish format-standard has-post-thumbnail hentry category-recorridos\">\n<div class=\"fusion-post-wrapper\" style=\"background-color:rgba(255,255,255,0);border:1px solid #ebeaea;border-bottom-width:3px;\">\n\n\t\t\t<div class=\"fusion-flexslider flexslider fusion-flexslider-loading fusion-post-slideshow\" style=&quot;border-color:#ebeaea&quot;>\n\t\t<ul class=\"slides\">\n\t\t\t\n\t\t\t\t\t\t\t\t\t\t\t\t\t\t<li>\n\n<div  class=\"fusion-image-wrapper\" aria-haspopup=\"true\">\n\t\n\t\n\t\t\n\t\t\t\t\t<img width=\"2560\" height=\"1707\" src=\"https:\/\/www.sakana.eus\/wp-content\/uploads\/2025\/09\/EH-erdigunea-scaled.jpg\" class=\"attachment-full size-full wp-post-image\" alt=\"\" decoding=\"async\" loading=\"lazy\" srcset=\"https:\/\/www.sakana.eus\/wp-content\/uploads\/2025\/09\/EH-erdigunea-200x133.jpg 200w, https:\/\/www.sakana.eus\/wp-content\/uploads\/2025\/09\/EH-erdigunea-400x267.jpg 400w, https:\/\/www.sakana.eus\/wp-content\/uploads\/2025\/09\/EH-erdigunea-600x400.jpg 600w, https:\/\/www.sakana.eus\/wp-content\/uploads\/2025\/09\/EH-erdigunea-800x533.jpg 800w, https:\/\/www.sakana.eus\/wp-content\/uploads\/2025\/09\/EH-erdigunea-1200x800.jpg 1200w, https:\/\/www.sakana.eus\/wp-content\/uploads\/2025\/09\/EH-erdigunea-scaled.jpg 2560w\" sizes=\"(min-width: 2200px) 100vw, (min-width: 1064px) 353px, (min-width: 992px) 530px, (min-width: 920px) 992px, \" \/>\n\t\n\n\t\t<div class=\"fusion-rollover\">\n\t<div class=\"fusion-rollover-content\">\n\n\t\t\t\t\t\t\t\t\t\t\n\t\t\t\t\t\t\t\t\t\t\t\t\t\t\n\t\t\t\t\t\t\t\t\n\t\t\t\t\t\t\t\t\n\t\t\t\t\t\t\t\t\t\t\t\t\t\t\t\t\t\t<a class=\"fusion-rollover-gallery\" href=\"https:\/\/www.sakana.eus\/wp-content\/uploads\/2025\/09\/EH-erdigunea-scaled.jpg\" data-id=\"18774\" data-rel=\"iLightbox[gallery]\" data-title=\"EH erdigunea\" data-caption=\"\">\n\t\t\t\t\t\tGallery\t\t\t\t\t<\/a>\n\t\t\t\t\t\t\t\t\t\t\t\t\t\t\n\t\t\t\t\n\t\t\t\t\t\t\t\t\n\t\t\t\t\t\t\t\t\t\t\t\t\t\t<div class=\"fusion-rollover-categories\"><a href=\"https:\/\/www.sakana.eus\/category\/recorridos\/\" rel=\"tag\">recorridos<\/a><\/div>\t\t\t\t\t\n\t\t\n\t\t\t\t<a class=\"fusion-link-wrapper\" href=\"https:\/\/www.sakana.eus\/fr\/ibilbide-berria\/\" aria-label=\"Centro geogr\u00e1fico Euskal Herria\"><\/a>\n\t<\/div>\n<\/div>\n\n\t\n<\/div>\n<\/li>\n\t\t\t\n\t\t\t\n\t\t\t\t\t\t\t\t\t\t\t\t\t\t\t\t\t\t\t\t\t\t\t\t\t\t\t\t\t\t\t\t\t\t\t\t\t\t\t\t\t\t\t\t\t\t\t\t\t\t\t\t\t\t\t\t\t\t\t\t\t\t\t\t\t\t\t\t<\/ul>\n\t<\/div>\n<div class=\"fusion-post-content-wrapper\" style=\"padding:30px 25px 20px 25px;\"><div class=\"fusion-post-content post-content\"><h2 class=\"blog-shortcode-post-title\"><a href=\"https:\/\/www.sakana.eus\/fr\/ibilbide-berria\/\">Centro geogr\u00e1fico Euskal Herria<\/a><\/h2><div class=\"fusion-post-content-container\"><\/div><\/div><\/div><div class=\"fusion-clearfix\"><\/div><\/div>\n<\/article>\n<article id=\"blog-1-post-16988\" class=\"fusion-post-grid post-16988 post type-post status-publish format-standard has-post-thumbnail hentry category-recorridos\">\n<div class=\"fusion-post-wrapper\" style=\"background-color:rgba(255,255,255,0);border:1px solid #ebeaea;border-bottom-width:3px;\">\n\n\t\t\t<div class=\"fusion-flexslider flexslider fusion-flexslider-loading fusion-post-slideshow\" style=&quot;border-color:#ebeaea&quot;>\n\t\t<ul class=\"slides\">\n\t\t\t\n\t\t\t\t\t\t\t\t\t\t\t\t\t\t<li>\n\n<div  class=\"fusion-image-wrapper\" aria-haspopup=\"true\">\n\t\n\t\n\t\t\n\t\t\t\t\t<img width=\"600\" height=\"450\" src=\"https:\/\/www.sakana.eus\/wp-content\/uploads\/2015\/11\/Beriain-sakana_nafarroa_navarra_aralar_urbasa_andia_urederra.jpg\" class=\"attachment-full size-full wp-post-image\" alt=\"\" decoding=\"async\" loading=\"lazy\" \/>\n\t\n\n\t\t<div class=\"fusion-rollover\">\n\t<div class=\"fusion-rollover-content\">\n\n\t\t\t\t\t\t\t\t\t\t\n\t\t\t\t\t\t\t\t\t\t\t\t\t\t\n\t\t\t\t\t\t\t\t\n\t\t\t\t\t\t\t\t\n\t\t\t\t\t\t\t\t\t\t\t\t\t\t\t\t\t\t<a class=\"fusion-rollover-gallery\" href=\"https:\/\/www.sakana.eus\/wp-content\/uploads\/2015\/11\/Beriain-sakana_nafarroa_navarra_aralar_urbasa_andia_urederra.jpg\" data-id=\"16988\" data-rel=\"iLightbox[gallery]\" data-title=\"Beriain-sakana_nafarroa_navarra_aralar_urbasa_andia_urederra\" data-caption=\"\">\n\t\t\t\t\t\tGallery\t\t\t\t\t<\/a>\n\t\t\t\t\t\t\t\t\t\t\t\t\t\t\n\t\t\t\t\n\t\t\t\t\t\t\t\t\n\t\t\t\t\t\t\t\t\t\t\t\t\t\t<div class=\"fusion-rollover-categories\"><a href=\"https:\/\/www.sakana.eus\/category\/recorridos\/\" rel=\"tag\">recorridos<\/a><\/div>\t\t\t\t\t\n\t\t\n\t\t\t\t<a class=\"fusion-link-wrapper\" href=\"https:\/\/www.sakana.eus\/fr\/beriain-san-donato-1-494-m\/\" aria-label=\"Beriain. San Donato (1.494 m)\"><\/a>\n\t<\/div>\n<\/div>\n\n\t\n<\/div>\n<\/li>\n\t\t\t\n\t\t\t\n\t\t\t\t\t\t\t\t\t\t\t\t\t\t\t\t\t\t\t\t\t\t\t\t\t\t\t\t\t\t\t\t\t\t\t\t\t\t\t\t\t\t\t\t\t\t\t\t\t\t\t\t\t\t\t\t\t\t\t\t\t\t\t\t\t\t\t\t<\/ul>\n\t<\/div>\n<div class=\"fusion-post-content-wrapper\" style=\"padding:30px 25px 20px 25px;\"><div class=\"fusion-post-content post-content\"><h2 class=\"blog-shortcode-post-title\"><a href=\"https:\/\/www.sakana.eus\/fr\/beriain-san-donato-1-494-m\/\">Beriain. San Donato (1.494 m)<\/a><\/h2><div class=\"fusion-post-content-container\"><\/div><\/div><\/div><div class=\"fusion-clearfix\"><\/div><\/div>\n<\/article>\n<article id=\"blog-1-post-11440\" class=\"fusion-post-grid post-11440 post type-post status-publish format-standard has-post-thumbnail hentry category-recorridos-fr\">\n<div class=\"fusion-post-wrapper\" style=\"background-color:rgba(255,255,255,0);border:1px solid #ebeaea;border-bottom-width:3px;\">\n\n\t\t\t<div class=\"fusion-flexslider flexslider fusion-flexslider-loading fusion-post-slideshow\" style=&quot;border-color:#ebeaea&quot;>\n\t\t<ul class=\"slides\">\n\t\t\t\n\t\t\t\t\t\t\t\t\t\t\t\t\t\t<li>\n\n<div  class=\"fusion-image-wrapper\" aria-haspopup=\"true\">\n\t\n\t\n\t\t\n\t\t\t\t\t<img width=\"1000\" height=\"751\" src=\"https:\/\/www.sakana.eus\/wp-content\/uploads\/2022\/09\/IMG_20220628_135906-400x300.jpg\" class=\"attachment-full size-full wp-post-image\" alt=\"\" decoding=\"async\" loading=\"lazy\" srcset=\"https:\/\/www.sakana.eus\/wp-content\/uploads\/2022\/09\/IMG_20220628_135906-200x150.jpg 200w, https:\/\/www.sakana.eus\/wp-content\/uploads\/2022\/09\/IMG_20220628_135906-400x300.jpg 400w, https:\/\/www.sakana.eus\/wp-content\/uploads\/2022\/09\/IMG_20220628_135906-600x451.jpg 600w, https:\/\/www.sakana.eus\/wp-content\/uploads\/2022\/09\/IMG_20220628_135906-800x601.jpg 800w, https:\/\/www.sakana.eus\/wp-content\/uploads\/2022\/09\/IMG_20220628_135906.jpg 1000w\" sizes=\"(min-width: 2200px) 100vw, (min-width: 1064px) 353px, (min-width: 992px) 530px, (min-width: 920px) 992px, \" \/>\n\t\n\n\t\t<div class=\"fusion-rollover\">\n\t<div class=\"fusion-rollover-content\">\n\n\t\t\t\t\t\t\t\t\t\t\n\t\t\t\t\t\t\t\t\t\t\t\t\t\t\n\t\t\t\t\t\t\t\t\n\t\t\t\t\t\t\t\t\n\t\t\t\t\t\t\t\t\t\t\t\t\t\t\t\t\t\t<a class=\"fusion-rollover-gallery\" href=\"https:\/\/www.sakana.eus\/wp-content\/uploads\/2022\/09\/IMG_20220628_135906.jpg\" data-id=\"11440\" data-rel=\"iLightbox[gallery]\" data-title=\"IMG_20220628_135906\" data-caption=\"\">\n\t\t\t\t\t\tGallery\t\t\t\t\t<\/a>\n\t\t\t\t\t\t\t\t\t\t\t\t\t\t\n\t\t\t\t\n\t\t\t\t\t\t\t\t\n\t\t\t\t\t\t\t\t\t\t\t\t\t\t<div class=\"fusion-rollover-categories\"><a href=\"https:\/\/www.sakana.eus\/fr\/category\/recorridos-fr\/\" rel=\"tag\">recorridos<\/a><\/div>\t\t\t\t\t\n\t\t\n\t\t\t\t<a class=\"fusion-link-wrapper\" href=\"https:\/\/www.sakana.eus\/fr\/pr-na-210-vuelta-a-erga\/\" aria-label=\"PR-NA 210 VUELTA A ERGA\"><\/a>\n\t<\/div>\n<\/div>\n\n\t\n<\/div>\n<\/li>\n\t\t\t\n\t\t\t\n\t\t\t\t\t\t\t\t\t\t\t\t\t\t\t\t\t\t\t\t\t\t\t\t\t\t\t\t\t\t\t\t\t\t\t\t\t\t\t\t\t\t\t\t\t\t\t\t\t\t\t\t\t\t\t\t\t\t\t\t\t\t\t\t\t\t\t\t<\/ul>\n\t<\/div>\n<div class=\"fusion-post-content-wrapper\" style=\"padding:30px 25px 20px 25px;\"><div class=\"fusion-post-content post-content\"><h2 class=\"blog-shortcode-post-title\"><a href=\"https:\/\/www.sakana.eus\/fr\/pr-na-210-vuelta-a-erga\/\">PR-NA 210 VUELTA A ERGA<\/a><\/h2><div class=\"fusion-post-content-container\"><\/div><\/div><\/div><div class=\"fusion-clearfix\"><\/div><\/div>\n<\/article>\n<article id=\"blog-1-post-9758\" class=\"fusion-post-grid post-9758 post type-post status-publish format-standard has-post-thumbnail hentry category-recorridos\">\n<div class=\"fusion-post-wrapper\" style=\"background-color:rgba(255,255,255,0);border:1px solid #ebeaea;border-bottom-width:3px;\">\n\n\t\t\t<div class=\"fusion-flexslider flexslider fusion-flexslider-loading fusion-post-slideshow\" style=&quot;border-color:#ebeaea&quot;>\n\t\t<ul class=\"slides\">\n\t\t\t\n\t\t\t\t\t\t\t\t\t\t\t\t\t\t<li>\n\n<div  class=\"fusion-image-wrapper\" aria-haspopup=\"true\">\n\t\n\t\n\t\t\n\t\t\t\t\t<img width=\"1500\" height=\"1500\" src=\"https:\/\/www.sakana.eus\/wp-content\/uploads\/2021\/07\/4_Ilustraci\u00f3n-Arrieros-1-Final-300ppp-400x400.jpg\" class=\"attachment-full size-full wp-post-image\" alt=\"\" decoding=\"async\" loading=\"lazy\" srcset=\"https:\/\/www.sakana.eus\/wp-content\/uploads\/2021\/07\/4_Ilustraci\u00f3n-Arrieros-1-Final-300ppp-200x200.jpg 200w, https:\/\/www.sakana.eus\/wp-content\/uploads\/2021\/07\/4_Ilustraci\u00f3n-Arrieros-1-Final-300ppp-400x400.jpg 400w, https:\/\/www.sakana.eus\/wp-content\/uploads\/2021\/07\/4_Ilustraci\u00f3n-Arrieros-1-Final-300ppp-600x600.jpg 600w, https:\/\/www.sakana.eus\/wp-content\/uploads\/2021\/07\/4_Ilustraci\u00f3n-Arrieros-1-Final-300ppp-800x800.jpg 800w, https:\/\/www.sakana.eus\/wp-content\/uploads\/2021\/07\/4_Ilustraci\u00f3n-Arrieros-1-Final-300ppp-1200x1200.jpg 1200w, https:\/\/www.sakana.eus\/wp-content\/uploads\/2021\/07\/4_Ilustraci\u00f3n-Arrieros-1-Final-300ppp.jpg 1500w\" sizes=\"(min-width: 2200px) 100vw, (min-width: 1064px) 353px, (min-width: 992px) 530px, (min-width: 920px) 992px, \" \/>\n\t\n\n\t\t<div class=\"fusion-rollover\">\n\t<div class=\"fusion-rollover-content\">\n\n\t\t\t\t\t\t\t\t\t\t\n\t\t\t\t\t\t\t\t\t\t\t\t\t\t\n\t\t\t\t\t\t\t\t\n\t\t\t\t\t\t\t\t\n\t\t\t\t\t\t\t\t\t\t\t\t\t\t\t\t\t\t<a class=\"fusion-rollover-gallery\" href=\"https:\/\/www.sakana.eus\/wp-content\/uploads\/2021\/07\/4_Ilustraci\u00f3n-Arrieros-1-Final-300ppp.jpg\" data-id=\"9758\" data-rel=\"iLightbox[gallery]\" data-title=\"4_Ilustraci\u00f3n Arrieros 1 - Final - 300ppp\" data-caption=\"\">\n\t\t\t\t\t\tGallery\t\t\t\t\t<\/a>\n\t\t\t\t\t\t\t\t\t\t\t\t\t\t\n\t\t\t\t\n\t\t\t\t\t\t\t\t\n\t\t\t\t\t\t\t\t\t\t\t\t\t\t<div class=\"fusion-rollover-categories\"><a href=\"https:\/\/www.sakana.eus\/category\/recorridos\/\" rel=\"tag\">recorridos<\/a><\/div>\t\t\t\t\t\n\t\t\n\t\t\t\t<a class=\"fusion-link-wrapper\" href=\"https:\/\/www.sakana.eus\/fr\/gr-323-bernoa\/\" aria-label=\"GR 323 Bernoa\"><\/a>\n\t<\/div>\n<\/div>\n\n\t\n<\/div>\n<\/li>\n\t\t\t\n\t\t\t\n\t\t\t\t\t\t\t\t\t\t\t\t\t\t\t\t\t\t\t\t\t\t\t\t\t\t\t\t\t\t\t\t\t\t\t\t\t\t\t\t\t\t\t\t\t\t\t\t\t\t\t\t\t\t\t\t\t\t\t\t\t\t\t\t\t\t\t\t<\/ul>\n\t<\/div>\n<div class=\"fusion-post-content-wrapper\" style=\"padding:30px 25px 20px 25px;\"><div class=\"fusion-post-content post-content\"><h2 class=\"blog-shortcode-post-title\"><a href=\"https:\/\/www.sakana.eus\/fr\/gr-323-bernoa\/\">GR 323 Bernoa<\/a><\/h2><div class=\"fusion-post-content-container\"><\/div><\/div><\/div><div class=\"fusion-clearfix\"><\/div><\/div>\n<\/article>\n<article id=\"blog-1-post-5922\" class=\"fusion-post-grid post-5922 post type-post status-publish format-standard has-post-thumbnail hentry category-recorridos-fr\">\n<div class=\"fusion-post-wrapper\" style=\"background-color:rgba(255,255,255,0);border:1px solid #ebeaea;border-bottom-width:3px;\">\n\n\t\t\t<div class=\"fusion-flexslider flexslider fusion-flexslider-loading fusion-post-slideshow\" style=&quot;border-color:#ebeaea&quot;>\n\t\t<ul class=\"slides\">\n\t\t\t\n\t\t\t\t\t\t\t\t\t\t\t\t\t\t<li>\n\n<div  class=\"fusion-image-wrapper\" aria-haspopup=\"true\">\n\t\n\t\n\t\t\n\t\t\t\t\t<img width=\"1920\" height=\"1080\" src=\"https:\/\/www.sakana.eus\/wp-content\/uploads\/2018\/03\/Beriain.-San-Donato1.jpg\" class=\"attachment-full size-full wp-post-image\" alt=\"\" decoding=\"async\" loading=\"lazy\" \/>\n\t\n\n\t\t<div class=\"fusion-rollover\">\n\t<div class=\"fusion-rollover-content\">\n\n\t\t\t\t\t\t\t\t\t\t\n\t\t\t\t\t\t\t\t\t\t\t\t\t\t\n\t\t\t\t\t\t\t\t\n\t\t\t\t\t\t\t\t\n\t\t\t\t\t\t\t\t\t\t\t\t\t\t\t\t\t\t<a class=\"fusion-rollover-gallery\" href=\"https:\/\/www.sakana.eus\/wp-content\/uploads\/2018\/03\/Beriain.-San-Donato1.jpg\" data-id=\"5922\" data-rel=\"iLightbox[gallery]\" data-title=\"Beriain. San Donato\" data-caption=\"\">\n\t\t\t\t\t\tGallery\t\t\t\t\t<\/a>\n\t\t\t\t\t\t\t\t\t\t\t\t\t\t\n\t\t\t\t\n\t\t\t\t\t\t\t\t\n\t\t\t\t\t\t\t\t\t\t\t\t\t\t<div class=\"fusion-rollover-categories\"><a href=\"https:\/\/www.sakana.eus\/fr\/category\/recorridos-fr\/\" rel=\"tag\">recorridos<\/a><\/div>\t\t\t\t\t\n\t\t\n\t\t\t\t<a class=\"fusion-link-wrapper\" href=\"https:\/\/www.sakana.eus\/fr\/beriain-san-donato-1494-m-3\/\" aria-label=\"PR-NA 201 Beriain San Donato (\u00ab\u00a0Kil\u00f3metro vertical\u00a0\u00bb)\"><\/a>\n\t<\/div>\n<\/div>\n\n\t\n<\/div>\n<\/li>\n\t\t\t\n\t\t\t\n\t\t\t\t\t\t\t\t\t\t\t\t\t\t\t\t\t\t\t\t\t\t\t\t\t\t\t\t\t\t\t\t\t\t\t\t\t\t\t\t\t\t\t\t\t\t\t\t\t\t\t\t\t\t\t\t\t\t\t\t\t\t\t\t\t\t\t\t<\/ul>\n\t<\/div>\n<div class=\"fusion-post-content-wrapper\" style=\"padding:30px 25px 20px 25px;\"><div class=\"fusion-post-content post-content\"><h2 class=\"blog-shortcode-post-title\"><a href=\"https:\/\/www.sakana.eus\/fr\/beriain-san-donato-1494-m-3\/\">PR-NA 201 Beriain San Donato (\u00ab\u00a0Kil\u00f3metro vertical\u00a0\u00bb)<\/a><\/h2><div class=\"fusion-post-content-container\"><\/div><\/div><\/div><div class=\"fusion-clearfix\"><\/div><\/div>\n<\/article>\n<article id=\"blog-1-post-5925\" class=\"fusion-post-grid post-5925 post type-post status-publish format-standard has-post-thumbnail hentry category-recorridos-fr\">\n<div class=\"fusion-post-wrapper\" style=\"background-color:rgba(255,255,255,0);border:1px solid #ebeaea;border-bottom-width:3px;\">\n\n\t\t\t<div class=\"fusion-flexslider flexslider fusion-flexslider-loading fusion-post-slideshow\" style=&quot;border-color:#ebeaea&quot;>\n\t\t<ul class=\"slides\">\n\t\t\t\n\t\t\t\t\t\t\t\t\t\t\t\t\t\t<li>\n\n<div  class=\"fusion-image-wrapper\" aria-haspopup=\"true\">\n\t\n\t\n\t\t\n\t\t\t\t\t<img width=\"928\" height=\"424\" src=\"https:\/\/www.sakana.eus\/wp-content\/uploads\/2018\/03\/Balcon-de-los-buitres-Senda-Pescadores1.jpg\" class=\"attachment-full size-full wp-post-image\" alt=\"\" decoding=\"async\" loading=\"lazy\" \/>\n\t\n\n\t\t<div class=\"fusion-rollover\">\n\t<div class=\"fusion-rollover-content\">\n\n\t\t\t\t\t\t\t\t\t\t\n\t\t\t\t\t\t\t\t\t\t\t\t\t\t\n\t\t\t\t\t\t\t\t\n\t\t\t\t\t\t\t\t\n\t\t\t\t\t\t\t\t\t\t\t\t\t\t\t\t\t\t<a class=\"fusion-rollover-gallery\" href=\"https:\/\/www.sakana.eus\/wp-content\/uploads\/2018\/03\/Balcon-de-los-buitres-Senda-Pescadores1.jpg\" data-id=\"5925\" data-rel=\"iLightbox[gallery]\" data-title=\"Balcon de los buitres - Senda Pescadores\" data-caption=\"\">\n\t\t\t\t\t\tGallery\t\t\t\t\t<\/a>\n\t\t\t\t\t\t\t\t\t\t\t\t\t\t\n\t\t\t\t\n\t\t\t\t\t\t\t\t\n\t\t\t\t\t\t\t\t\t\t\t\t\t\t<div class=\"fusion-rollover-categories\"><a href=\"https:\/\/www.sakana.eus\/fr\/category\/recorridos-fr\/\" rel=\"tag\">recorridos<\/a><\/div>\t\t\t\t\t\n\t\t\n\t\t\t\t<a class=\"fusion-link-wrapper\" href=\"https:\/\/www.sakana.eus\/fr\/senda-de-los-pescadores-sl-na-140\/\" aria-label=\"Senda de los Pescadores SL-NA 140\"><\/a>\n\t<\/div>\n<\/div>\n\n\t\n<\/div>\n<\/li>\n\t\t\t\n\t\t\t\n\t\t\t\t\t\t\t\t\t\t\t\t\t\t\t\t\t\t\t\t\t\t\t\t\t\t\t\t\t\t\t\t\t\t\t\t\t\t\t\t\t\t\t\t\t\t\t\t\t\t\t\t\t\t\t\t\t\t\t\t\t\t\t\t\t\t\t\t<\/ul>\n\t<\/div>\n<div class=\"fusion-post-content-wrapper\" style=\"padding:30px 25px 20px 25px;\"><div class=\"fusion-post-content post-content\"><h2 class=\"blog-shortcode-post-title\"><a href=\"https:\/\/www.sakana.eus\/fr\/senda-de-los-pescadores-sl-na-140\/\">Senda de los Pescadores SL-NA 140<\/a><\/h2><div class=\"fusion-post-content-container\"><\/div><\/div><\/div><div class=\"fusion-clearfix\"><\/div><\/div>\n<\/article>\n<div class=\"fusion-clearfix\"><\/div><\/div><div class=\"pagination infinite-scroll clearfix\"><span class=\"current\">1<\/span><a href=\"https:\/\/www.sakana.eus\/fr\/wp-json\/wp\/v2\/pages\/1218\/page\/2\/\" class=\"inactive\">2<\/a><a class=\"pagination-next\" href=\"https:\/\/www.sakana.eus\/fr\/wp-json\/wp\/v2\/pages\/1218\/page\/2\/\"><span class=\"page-text\">Next<\/span><span class=\"page-next\"><\/span><\/a><\/div><div class=\"fusion-infinite-scroll-trigger\"><\/div><\/div><div class=\"fusion-clearfix\"><\/div>\n\n\t\t\t\t\t<\/div>\n\t\t\t\t<\/div><\/div><\/div><\/p>\n","protected":false},"excerpt":{"rendered":"","protected":false},"author":2,"featured_media":0,"parent":0,"menu_order":3,"comment_status":"closed","ping_status":"closed","template":"100-width.php","meta":{"_links_to":"","_links_to_target":""},"_links":{"self":[{"href":"https:\/\/www.sakana.eus\/fr\/wp-json\/wp\/v2\/pages\/1218"}],"collection":[{"href":"https:\/\/www.sakana.eus\/fr\/wp-json\/wp\/v2\/pages"}],"about":[{"href":"https:\/\/www.sakana.eus\/fr\/wp-json\/wp\/v2\/types\/page"}],"author":[{"embeddable":true,"href":"https:\/\/www.sakana.eus\/fr\/wp-json\/wp\/v2\/users\/2"}],"replies":[{"embeddable":true,"href":"https:\/\/www.sakana.eus\/fr\/wp-json\/wp\/v2\/comments?post=1218"}],"version-history":[{"count":17,"href":"https:\/\/www.sakana.eus\/fr\/wp-json\/wp\/v2\/pages\/1218\/revisions"}],"predecessor-version":[{"id":8678,"href":"https:\/\/www.sakana.eus\/fr\/wp-json\/wp\/v2\/pages\/1218\/revisions\/8678"}],"wp:attachment":[{"href":"https:\/\/www.sakana.eus\/fr\/wp-json\/wp\/v2\/media?parent=1218"}],"curies":[{"name":"wp","href":"https:\/\/api.w.org\/{rel}","templated":true}]}}