{"id":3103,"date":"2015-10-20T11:40:26","date_gmt":"2015-10-20T10:40:26","guid":{"rendered":"http:\/\/sakana.eus\/en\/discover-the-region\/naturaleza-2\/"},"modified":"2018-05-31T12:40:58","modified_gmt":"2018-05-31T10:40:58","slug":"naturaleza-2","status":"publish","type":"page","link":"https:\/\/www.sakana.eus\/en\/discover-the-region\/naturaleza-2\/","title":{"rendered":"Nature"},"content":{"rendered":"<p>[one_third last=&#8221;no&#8221; spacing=&#8221;yes&#8221; center_content=&#8221;no&#8221; hide_on_mobile=&#8221;no&#8221; background_color=&#8221;&#8221; background_image=&#8221;&#8221; background_repeat=&#8221;no-repeat&#8221; background_position=&#8221;left top&#8221; border_position=&#8221;all&#8221; border_size=&#8221;0px&#8221; border_color=&#8221;&#8221; border_style=&#8221;&#8221; padding=&#8221;&#8221; margin_top=&#8221;&#8221; margin_bottom=&#8221;&#8221; animation_type=&#8221;&#8221; animation_direction=&#8221;&#8221; animation_speed=&#8221;0.1&#8243; class=&#8221;&#8221; id=&#8221;&#8221;][imageframe lightbox=&#8221;no&#8221; lightbox_image=&#8221;&#8221; style_type=&#8221;none&#8221; hover_type=&#8221;none&#8221; bordercolor=&#8221;#c4c4c4&#8243; bordersize=&#8221;2px&#8221; borderradius=&#8221;0&#8243; stylecolor=&#8221;&#8221; align=&#8221;none&#8221; link=&#8221;&#8221; linktarget=&#8221;_self&#8221; animation_type=&#8221;0&#8243; animation_direction=&#8221;down&#8221; animation_speed=&#8221;0.1&#8243; hide_on_mobile=&#8221;no&#8221; class=&#8221;&#8221; id=&#8221;&#8221;] <img decoding=\"async\" src=\"http:\/\/sakana.eus\/wp-content\/uploads\/2015\/10\/biaizpe.jpg\" alt=\"\" \/>[\/imageframe][\/one_third][two_third last=&#8221;yes&#8221; spacing=&#8221;yes&#8221; center_content=&#8221;no&#8221; hide_on_mobile=&#8221;no&#8221; background_color=&#8221;&#8221; background_image=&#8221;&#8221; background_repeat=&#8221;no-repeat&#8221; background_position=&#8221;left top&#8221; border_position=&#8221;all&#8221; border_size=&#8221;0px&#8221; border_color=&#8221;&#8221; border_style=&#8221;&#8221; padding=&#8221;&#8221; margin_top=&#8221;&#8221; margin_bottom=&#8221;&#8221; animation_type=&#8221;&#8221; animation_direction=&#8221;&#8221; animation_speed=&#8221;0.1&#8243; class=&#8221;&#8221; id=&#8221;&#8221;]<div class=\"fusion-text\"><\/p>\n<h2 style=\"text-align: center;\">[layerslider id=&#8221;1&#8243;]<\/h2>\n<h2><span style=\"color: #ffffff;\">.<\/span><\/h2>\n<h2 style=\"text-align: center;\"><span style=\"color: #ffffff;\">\u00a0<\/span><\/h2>\n<h2 style=\"text-align: center;\"><span style=\"color: #808080;\">Un entorno incomparable<\/span><\/h2>\n<h3 style=\"text-align: center;\" align=\"JUSTIFY\"><span style=\"color: #808080;\">Sakana es un gran bosque de hayas y robles centenarios, que desciende por las laderas de los montes hasta encontrarse con praderas y pueblos en el fondo del valle. <\/span><\/h3>\n<h3 style=\"text-align: center;\" align=\"JUSTIFY\"><span style=\"color: #808080;\">Estos bosques atl\u00e1nticos de incre\u00edble belleza son una aut\u00e9ntica reliquia, un precioso legado que nuestros antepasados cuidaron y respetaron, ya que era el origen de su mundo y la base de su subsistencia.<\/span><\/h3>\n<h3 style=\"text-align: center;\"><span style=\"color: #808080;\">Hoy en d\u00eda, nos encontramos rodeados por tres parques naturales: <a href=\"http:\/\/sakana.eus\/aralar-la-sierra\/\">Aralar<\/a>, <a href=\"http:\/\/sakana.eus\/parque-natural-urbasa-andia\/\">Andia-Urbasa<\/a> y <a href=\"https:\/\/es.wikipedia.org\/wiki\/Parque_natural_de_Aizkorri-Aratz\" target=\"_blank\">Aizgorri-Aratz<\/a>. Una oportunidad \u00fanica para realizar <a href=\"http:\/\/sakana.eus\/descubra-la-region\/recorridos\/\">recorridos<\/a> espectaculares.<\/span><\/h3>\n<p>\n<\/div>[\/two_third][fullwidth background_color=&#8221;&#8221; background_image=&#8221;&#8221; background_parallax=&#8221;none&#8221; enable_mobile=&#8221;no&#8221; parallax_speed=&#8221;0.3&#8243; background_repeat=&#8221;no-repeat&#8221; background_position=&#8221;left top&#8221; video_url=&#8221;&#8221; video_aspect_ratio=&#8221;16:9&#8243; video_webm=&#8221;&#8221; video_mp4=&#8221;&#8221; video_ogv=&#8221;&#8221; video_preview_image=&#8221;&#8221; overlay_color=&#8221;&#8221; overlay_opacity=&#8221;0.5&#8243; video_mute=&#8221;yes&#8221; video_loop=&#8221;yes&#8221; fade=&#8221;no&#8221; border_size=&#8221;0px&#8221; border_color=&#8221;&#8221; border_style=&#8221;&#8221; padding_top=&#8221;20&#8243; padding_bottom=&#8221;20&#8243; padding_left=&#8221;0&#8243; padding_right=&#8221;0&#8243; hundred_percent=&#8221;no&#8221; equal_height_columns=&#8221;no&#8221; hide_on_mobile=&#8221;no&#8221; menu_anchor=&#8221;&#8221; class=&#8221;&#8221; id=&#8221;&#8221;][blog number_posts=&#8221;&#8221; offset=&#8221;&#8221; cat_slug=&#8221;naturako-hiru&#8221; exclude_cats=&#8221;&#8221; title=&#8221;yes&#8221; title_link=&#8221;yes&#8221; thumbnail=&#8221;yes&#8221; excerpt=&#8221;yes&#8221; excerpt_length=&#8221;0&#8243; meta_all=&#8221;no&#8221; meta_author=&#8221;no&#8221; meta_categories=&#8221;no&#8221; meta_comments=&#8221;no&#8221; meta_date=&#8221;no&#8221; meta_link=&#8221;no&#8221; meta_tags=&#8221;no&#8221; paging=&#8221;yes&#8221; scrolling=&#8221;infinite&#8221; strip_html=&#8221;yes&#8221; blog_grid_columns=&#8221;3&#8243; blog_grid_column_spacing=&#8221;40&#8243; layout=&#8221;grid&#8221; class=&#8221;&#8221; id=&#8221;&#8221;][\/blog][\/fullwidth][fullwidth background_color=&#8221;&#8221; background_image=&#8221;&#8221; background_parallax=&#8221;none&#8221; enable_mobile=&#8221;no&#8221; parallax_speed=&#8221;0.3&#8243; background_repeat=&#8221;no-repeat&#8221; background_position=&#8221;left top&#8221; video_url=&#8221;&#8221; video_aspect_ratio=&#8221;16:9&#8243; video_webm=&#8221;&#8221; video_mp4=&#8221;&#8221; video_ogv=&#8221;&#8221; video_preview_image=&#8221;&#8221; overlay_color=&#8221;&#8221; overlay_opacity=&#8221;0.5&#8243; video_mute=&#8221;yes&#8221; video_loop=&#8221;yes&#8221; fade=&#8221;no&#8221; border_size=&#8221;0px&#8221; border_color=&#8221;&#8221; border_style=&#8221;&#8221; padding_top=&#8221;20&#8243; padding_bottom=&#8221;20&#8243; padding_left=&#8221;0&#8243; padding_right=&#8221;0&#8243; hundred_percent=&#8221;no&#8221; equal_height_columns=&#8221;no&#8221; hide_on_mobile=&#8221;no&#8221; menu_anchor=&#8221;&#8221; class=&#8221;&#8221; id=&#8221;&#8221;][\/fullwidth]<\/p>\n","protected":false},"excerpt":{"rendered":"<p>[one_third last=&#8221;no&#8221; spacing=&#8221;yes&#8221; center_content=&#8221;no&#8221; hide_on_mobile=&#8221;no&#8221; background_color=&#8221;&#8221; background_image=&#8221;&#8221; background_repeat=&#8221;no-repeat&#8221; background_position=&#8221;left top&#8221; border_position=&#8221;all&#8221; border_size=&#8221;0px&#8221; border_color=&#8221;&#8221; border_style=&#8221;&#8221; padding=&#8221;&#8221; margin_top=&#8221;&#8221; margin_bottom=&#8221;&#8221; animation_type=&#8221;&#8221; animation_direction=&#8221;&#8221; animation_speed=&#8221;0.1&#8243; class=&#8221;&#8221; id=&#8221;&#8221;][imageframe lightbox=&#8221;no&#8221; lightbox_image=&#8221;&#8221; style_type=&#8221;none&#8221; hover_type=&#8221;none&#8221; bordercolor=&#8221;#c4c4c4&#8243; bordersize=&#8221;2px&#8221; borderradius=&#8221;0&#8243; stylecolor=&#8221;&#8221; align=&#8221;none&#8221; link=&#8221;&#8221; linktarget=&#8221;_self&#8221; animation_type=&#8221;0&#8243; animation_direction=&#8221;down&#8221; animation_speed=&#8221;0.1&#8243; hide_on_mobile=&#8221;no&#8221; class=&#8221;&#8221; id=&#8221;&#8221;] [\/imageframe][\/one_third][two_third last=&#8221;yes&#8221; spacing=&#8221;yes&#8221; center_content=&#8221;no&#8221; hide_on_mobile=&#8221;no&#8221; background_color=&#8221;&#8221; background_image=&#8221;&#8221; background_repeat=&#8221;no-repeat&#8221; background_position=&#8221;left top&#8221; border_position=&#8221;all&#8221; border_size=&#8221;0px&#8221; border_color=&#8221;&#8221; border_style=&#8221;&#8221; padding=&#8221;&#8221; margin_top=&#8221;&#8221; [&hellip;]<\/p>\n","protected":false},"author":3,"featured_media":0,"parent":1377,"menu_order":0,"comment_status":"closed","ping_status":"closed","template":"","meta":{"_links_to":"","_links_to_target":""},"_links":{"self":[{"href":"https:\/\/www.sakana.eus\/en\/wp-json\/wp\/v2\/pages\/3103"}],"collection":[{"href":"https:\/\/www.sakana.eus\/en\/wp-json\/wp\/v2\/pages"}],"about":[{"href":"https:\/\/www.sakana.eus\/en\/wp-json\/wp\/v2\/types\/page"}],"author":[{"embeddable":true,"href":"https:\/\/www.sakana.eus\/en\/wp-json\/wp\/v2\/users\/3"}],"replies":[{"embeddable":true,"href":"https:\/\/www.sakana.eus\/en\/wp-json\/wp\/v2\/comments?post=3103"}],"version-history":[{"count":11,"href":"https:\/\/www.sakana.eus\/en\/wp-json\/wp\/v2\/pages\/3103\/revisions"}],"predecessor-version":[{"id":8606,"href":"https:\/\/www.sakana.eus\/en\/wp-json\/wp\/v2\/pages\/3103\/revisions\/8606"}],"up":[{"embeddable":true,"href":"https:\/\/www.sakana.eus\/en\/wp-json\/wp\/v2\/pages\/1377"}],"wp:attachment":[{"href":"https:\/\/www.sakana.eus\/en\/wp-json\/wp\/v2\/media?parent=3103"}],"curies":[{"name":"wp","href":"https:\/\/api.w.org\/{rel}","templated":true}]}}