{"id":11141,"date":"2021-11-24T11:44:30","date_gmt":"2021-11-24T10:44:30","guid":{"rendered":"http:\/\/www.sakana.eus\/discover-the-region\/orientacion-en-aralar\/"},"modified":"2021-11-24T13:26:27","modified_gmt":"2021-11-24T12:26:27","slug":"orientacion-en-aralar","status":"publish","type":"page","link":"https:\/\/www.sakana.eus\/en\/discover-the-region\/orientacion-en-aralar\/","title":{"rendered":"Orientaci\u00f3n en Aralar"},"content":{"rendered":"<div class=\"fusion-fullwidth fullwidth-box nonhundred-percent-fullwidth non-hundred-percent-height-scrolling\"  style='background-color: rgba(255,255,255,0);background-position: left top;background-repeat: no-repeat;padding-top:20px;padding-bottom:20px;border-top-width:0px;border-bottom-width:0px;border-color:#eae9e9;border-top-style:solid;border-bottom-style:solid;'><div class=\"fusion-builder-row fusion-row \"><div  class=\"fusion-layout-column fusion_builder_column fusion_builder_column_1_2  fusion-one-half fusion-column-first 1_2\"  style='margin-top:0px;margin-bottom:20px;width:50%;width:calc(50% - ( ( 4% ) * 0.5 ) );margin-right: 4%;'>\n\t\t\t\t\t<div class=\"fusion-column-wrapper\" style=\"padding: 0px 0px 0px 0px;background-position:left top;background-repeat:no-repeat;-webkit-background-size:cover;-moz-background-size:cover;-o-background-size:cover;background-size:cover;\"  data-bg-url=\"\">\n\t\t\t\t\t\t<span class=\"fusion-imageframe imageframe-none imageframe-1 hover-type-none\"><img decoding=\"async\" loading=\"lazy\" src=\"http:\/\/www.sakana.eus\/wp-content\/uploads\/2021\/11\/DSC_0071-1024x593.jpg\" width=\"1024\" height=\"593\" alt=\"\" title=\"DSC_0071\" class=\"img-responsive wp-image-15058\" srcset=\"https:\/\/www.sakana.eus\/wp-content\/uploads\/2021\/11\/DSC_0071-200x116.jpg 200w, https:\/\/www.sakana.eus\/wp-content\/uploads\/2021\/11\/DSC_0071-400x231.jpg 400w, https:\/\/www.sakana.eus\/wp-content\/uploads\/2021\/11\/DSC_0071-600x347.jpg 600w, https:\/\/www.sakana.eus\/wp-content\/uploads\/2021\/11\/DSC_0071-800x463.jpg 800w, https:\/\/www.sakana.eus\/wp-content\/uploads\/2021\/11\/DSC_0071-1200x694.jpg 1200w, https:\/\/www.sakana.eus\/wp-content\/uploads\/2021\/11\/DSC_0071.jpg 3093w\" sizes=\"(max-width: 1080px) 100vw, 600px\" \/><\/span><div class=\"fusion-sep-clear\"><\/div><div class=\"fusion-separator fusion-full-width-sep sep-double\" style=\"border-color:#e0dede;border-top-width:1px;border-bottom-width:1px;margin-left: auto;margin-right: auto;margin-top:50px;margin-bottom:50px;\"><\/div><span class=\"fusion-imageframe imageframe-none imageframe-2 hover-type-none\"><img decoding=\"async\" loading=\"lazy\" src=\"http:\/\/www.sakana.eus\/wp-content\/uploads\/2021\/11\/WhatsApp-Image-2021-11-23-at-11.20.52-635x1024.jpeg\" width=\"635\" height=\"1024\" alt=\"\" title=\"WhatsApp Image 2021-11-23 at 11.20.52\" class=\"img-responsive wp-image-15062\" srcset=\"https:\/\/www.sakana.eus\/wp-content\/uploads\/2021\/11\/WhatsApp-Image-2021-11-23-at-11.20.52-200x323.jpeg 200w, https:\/\/www.sakana.eus\/wp-content\/uploads\/2021\/11\/WhatsApp-Image-2021-11-23-at-11.20.52-400x645.jpeg 400w, https:\/\/www.sakana.eus\/wp-content\/uploads\/2021\/11\/WhatsApp-Image-2021-11-23-at-11.20.52-600x968.jpeg 600w, https:\/\/www.sakana.eus\/wp-content\/uploads\/2021\/11\/WhatsApp-Image-2021-11-23-at-11.20.52-800x1290.jpeg 800w, https:\/\/www.sakana.eus\/wp-content\/uploads\/2021\/11\/WhatsApp-Image-2021-11-23-at-11.20.52.jpeg 992w\" sizes=\"(max-width: 1080px) 100vw, 600px\" \/><\/span><div class=\"fusion-clearfix\"><\/div>\n\n\t\t\t\t\t<\/div>\n\t\t\t\t<\/div><div  class=\"fusion-layout-column fusion_builder_column fusion_builder_column_1_2  fusion-one-half fusion-column-last 1_2\"  style='margin-top:0px;margin-bottom:20px;width:50%;width:calc(50% - ( ( 4% ) * 0.5 ) );'>\n\t\t\t\t\t<div class=\"fusion-column-wrapper\" style=\"padding: 0px 0px 0px 0px;background-position:left top;background-repeat:no-repeat;-webkit-background-size:cover;-moz-background-size:cover;-o-background-size:cover;background-size:cover;\"  data-bg-url=\"\">\n\t\t\t\t\t\t<div class=\"fusion-text\"><p>Espacio en el que se han habilitado tres recorridos para llevar a cabo la pr\u00e1ctica de la orientaci\u00f3n en el monte Aralar. Estos recorridos de diferente nivel de dificultad, no est\u00e1n se\u00f1alizados, ya que el objetivo es llegar hasta las balizas distribuidas a lo largo de las tres rutas y saber orientarse en el monte.<br \/>\nLas balizas est\u00e1n numeradas e indican la progresi\u00f3n del recorrido. Cada n\u00famero es del color en funci\u00f3n de la dificultad del trayecto (verde, el m\u00e1s f\u00e1cil; azul, el de dificultad media, y rojo, el m\u00e1s dif\u00edcil).<\/p>\n<p>Se ha dise\u00f1ado un mapa de orientaci\u00f3n en el que est\u00e1n marcados los hitos que componen el recorrido. El objetivo, orientarse utilizando el mapa y la br\u00fajula y, en funci\u00f3n de la ruta elegida (verde, azul o roja), buscar sucesivamente las balizas numeradas.<\/p>\n<p>El panel informativo se encuentra en el parking de Guardetxe, desde donde parten rutas de nivel medio y avanzado. Asimismo, desde el parking de Albi arranca el recorrido de nivel inicial.<\/p>\n<p>Este es un proyecto promovido por la Uni\u00f3n de Aralar, creado para dar a conocer y poner en valor la naturaleza, el paisaje, el valor cultural y los usos tradicionales que se llevan a cabo en Aralar. As\u00ed como para fomentar el uso responsable y respetuoso del espacio natural de Aralar y ofrecer alternativas l\u00fadicas y de ocio saludables y educativas. Todo ello ampliando la oferta tur\u00edstica de las comarcas de Sakana y Plazaola.<\/p>\n<p>El proyecto ha sido subvencionado por el Gobierno de Navarra a trav\u00e9s de la convocatoria de subvenci\u00f3n de Red Explora Navarra.<\/p>\n<\/div><div class=\"fusion-button-wrapper fusion-aligncenter\"><style type=\"text\/css\" scoped=\"scoped\">.fusion-button.button-1 .fusion-button-text, .fusion-button.button-1 i {color:#fff;}.fusion-button.button-1 .fusion-button-text {text-transform:uppercase;}.fusion-button.button-1 {border-width:0px;border-color:#fff;}.fusion-button.button-1 .fusion-button-icon-divider{border-color:#fff;}.fusion-button.button-1:hover .fusion-button-text, .fusion-button.button-1:hover i,.fusion-button.button-1:focus .fusion-button-text, .fusion-button.button-1:focus i,.fusion-button.button-1:active .fusion-button-text, .fusion-button.button-1:active{color:#fff;}.fusion-button.button-1:hover, .fusion-button.button-1:focus, .fusion-button.button-1:active{border-width:0px;border-color:#fff;}.fusion-button.button-1:hover .fusion-button-icon-divider, .fusion-button.button-1:hover .fusion-button-icon-divider, .fusion-button.button-1:active .fusion-button-icon-divider{border-color:#fff;}.fusion-button.button-1{width:auto;}<\/style><a class=\"fusion-button button-flat fusion-button-round button-large button-default button-1\" target=\"_blank\" rel=\"noopener noreferrer\" title=\"DESCARGAR MAPA\" href=\"http:\/\/www.sakana.eus\/wp-content\/uploads\/2021\/11\/Aralar_Orienting-ESKUORRIA.pdf\"><span class=\"fusion-button-text\">DESCARGAR MAPA<\/span><\/a><\/div><div class=\"fusion-sep-clear\"><\/div><div class=\"fusion-separator fusion-full-width-sep sep-single sep-solid\" style=\"border-color:#e0dede;border-top-width:1px;margin-left: auto;margin-right: auto;margin-top:25px;margin-bottom:25px;\"><\/div><div class=\"fusion-text\"><p style=\"text-align: center;\">* Imprimir en A3 para mantener la escala del mapa<\/p>\n<\/div><div class=\"imageframe-align-center\"><span style=\"max-width:465px;\" class=\"fusion-imageframe imageframe-none imageframe-3 hover-type-none\"><a class=\"fusion-no-lightbox\" href=\"http:\/\/www.sakana.eus\/wp-content\/uploads\/2021\/11\/Aralar_Orienting-ESKUORRIA.pdf\" target=\"_blank\" aria-label=\"mapa_ori\" rel=\"noopener noreferrer\"><img decoding=\"async\" loading=\"lazy\" src=\"http:\/\/www.sakana.eus\/wp-content\/uploads\/2021\/11\/mapa_ori.jpg\" width=\"653\" height=\"900\" alt=\"\" class=\"img-responsive wp-image-15070\" srcset=\"https:\/\/www.sakana.eus\/wp-content\/uploads\/2021\/11\/mapa_ori-200x276.jpg 200w, https:\/\/www.sakana.eus\/wp-content\/uploads\/2021\/11\/mapa_ori-400x551.jpg 400w, https:\/\/www.sakana.eus\/wp-content\/uploads\/2021\/11\/mapa_ori-600x827.jpg 600w, https:\/\/www.sakana.eus\/wp-content\/uploads\/2021\/11\/mapa_ori.jpg 653w\" sizes=\"(max-width: 1080px) 100vw, 600px\" \/><\/a><\/span><\/div><div class=\"fusion-clearfix\"><\/div>\n\n\t\t\t\t\t<\/div>\n\t\t\t\t<\/div><\/div><\/div>\n","protected":false},"excerpt":{"rendered":"","protected":false},"author":6,"featured_media":0,"parent":1377,"menu_order":3,"comment_status":"closed","ping_status":"closed","template":"100-width.php","meta":{"_links_to":"","_links_to_target":""},"_links":{"self":[{"href":"https:\/\/www.sakana.eus\/en\/wp-json\/wp\/v2\/pages\/11141"}],"collection":[{"href":"https:\/\/www.sakana.eus\/en\/wp-json\/wp\/v2\/pages"}],"about":[{"href":"https:\/\/www.sakana.eus\/en\/wp-json\/wp\/v2\/types\/page"}],"author":[{"embeddable":true,"href":"https:\/\/www.sakana.eus\/en\/wp-json\/wp\/v2\/users\/6"}],"replies":[{"embeddable":true,"href":"https:\/\/www.sakana.eus\/en\/wp-json\/wp\/v2\/comments?post=11141"}],"version-history":[{"count":9,"href":"https:\/\/www.sakana.eus\/en\/wp-json\/wp\/v2\/pages\/11141\/revisions"}],"predecessor-version":[{"id":11198,"href":"https:\/\/www.sakana.eus\/en\/wp-json\/wp\/v2\/pages\/11141\/revisions\/11198"}],"up":[{"embeddable":true,"href":"https:\/\/www.sakana.eus\/en\/wp-json\/wp\/v2\/pages\/1377"}],"wp:attachment":[{"href":"https:\/\/www.sakana.eus\/en\/wp-json\/wp\/v2\/media?parent=11141"}],"curies":[{"name":"wp","href":"https:\/\/api.w.org\/{rel}","templated":true}]}}