{"id":9065,"date":"2019-06-13T09:47:39","date_gmt":"2019-06-13T07:47:39","guid":{"rendered":"http:\/\/sakana.eus\/saborea-sakana\/"},"modified":"2020-01-29T13:37:03","modified_gmt":"2020-01-29T12:37:03","slug":"assaboreix-sakana","status":"publish","type":"page","link":"https:\/\/www.sakana.eus\/ca\/assaboreix-sakana\/","title":{"rendered":"Assaboreix Sakana"},"content":{"rendered":"<div class=\"fusion-fullwidth fullwidth-box nonhundred-percent-fullwidth non-hundred-percent-height-scrolling\"  style='background-color: rgba(255,255,255,0);background-position: center center;background-repeat: no-repeat;padding-top:0px;padding-right:0px;padding-bottom:0px;padding-left:0px;border-top-width:0px;border-bottom-width:0px;border-color:#eae9e9;border-top-style:solid;border-bottom-style:solid;'><div class=\"fusion-builder-row fusion-row \"><div  class=\"fusion-layout-column fusion_builder_column fusion_builder_column_2_3  fusion-two-third fusion-column-first 2_3\"  style='margin-top:0px;margin-bottom:20px;width:66.66%;width:calc(66.66% - ( ( 4% ) * 0.6666 ) );margin-right: 4%;'>\n\t\t\t\t\t<div class=\"fusion-column-wrapper\" style=\"background-position:left top;background-repeat:no-repeat;-webkit-background-size:cover;-moz-background-size:cover;-o-background-size:cover;background-size:cover;\"  data-bg-url=\"\">\n\t\t\t\t\t\t<div class=\"fusion-text\"><p>Esta secci\u00f3n est\u00e1 en contrucci\u00f3n. El contenido estar\u00e1 listo pr\u00f3ximamente.<\/p>\n<\/div><div class=\"fusion-clearfix\"><\/div>\n\n\t\t\t\t\t<\/div>\n\t\t\t\t<\/div><div  class=\"fusion-layout-column fusion_builder_column fusion_builder_column_1_3  fusion-one-third fusion-column-last 1_3\"  style='margin-top:0px;margin-bottom:20px;width:33.33%;width:calc(33.33% - ( ( 4% ) * 0.3333 ) );'>\n\t\t\t\t\t<div class=\"fusion-column-wrapper\" style=\"background-position:left top;background-repeat:no-repeat;-webkit-background-size:cover;-moz-background-size:cover;-o-background-size:cover;background-size:cover;\"  data-bg-url=\"\">\n\t\t\t\t\t\t<span class=\"fusion-imageframe imageframe-none imageframe-1 hover-type-none\"><img decoding=\"async\" loading=\"lazy\" src=\"http:\/\/www.sakana.eus\/wp-content\/uploads\/2020\/01\/roll-up-proba3.png\" width=\"353\" height=\"706\" alt=\"\" title=\"roll up proba3\" class=\"img-responsive wp-image-14053\" srcset=\"https:\/\/www.sakana.eus\/wp-content\/uploads\/2020\/01\/roll-up-proba3-200x400.png 200w, https:\/\/www.sakana.eus\/wp-content\/uploads\/2020\/01\/roll-up-proba3.png 353w\" sizes=\"(max-width: 1080px) 100vw, 353px\" \/><\/span><div class=\"fusion-clearfix\"><\/div>\n\n\t\t\t\t\t<\/div>\n\t\t\t\t<\/div><\/div><\/div>\n","protected":false},"excerpt":{"rendered":"","protected":false},"author":6,"featured_media":0,"parent":0,"menu_order":0,"comment_status":"closed","ping_status":"closed","template":"","meta":{"_links_to":"","_links_to_target":""},"_links":{"self":[{"href":"https:\/\/www.sakana.eus\/ca\/wp-json\/wp\/v2\/pages\/9065"}],"collection":[{"href":"https:\/\/www.sakana.eus\/ca\/wp-json\/wp\/v2\/pages"}],"about":[{"href":"https:\/\/www.sakana.eus\/ca\/wp-json\/wp\/v2\/types\/page"}],"author":[{"embeddable":true,"href":"https:\/\/www.sakana.eus\/ca\/wp-json\/wp\/v2\/users\/6"}],"replies":[{"embeddable":true,"href":"https:\/\/www.sakana.eus\/ca\/wp-json\/wp\/v2\/comments?post=9065"}],"version-history":[{"count":3,"href":"https:\/\/www.sakana.eus\/ca\/wp-json\/wp\/v2\/pages\/9065\/revisions"}],"predecessor-version":[{"id":9468,"href":"https:\/\/www.sakana.eus\/ca\/wp-json\/wp\/v2\/pages\/9065\/revisions\/9468"}],"wp:attachment":[{"href":"https:\/\/www.sakana.eus\/ca\/wp-json\/wp\/v2\/media?parent=9065"}],"curies":[{"name":"wp","href":"https:\/\/api.w.org\/{rel}","templated":true}]}}